{"id":202,"date":"2018-11-16T12:04:53","date_gmt":"2018-11-16T11:04:53","guid":{"rendered":"http:\/\/141.2.195.31\/wordpress\/?page_id=202"},"modified":"2023-09-13T14:35:19","modified_gmt":"2023-09-13T12:35:19","slug":"impressum","status":"publish","type":"page","link":"https:\/\/flex.uni-frankfurt.de\/index.php\/impressum\/","title":{"rendered":"Impressum"},"content":{"rendered":"<h2 style=\"padding-top: 40px;\">Impressum<\/h2>\n<p>Angaben nach \u00a75 TMG<\/p>\n<h3 style=\"padding-top: 0; margin-bottom: 5px;\">Diensteanbieter<\/h3>\n<p>Goethe-Universit\u00e4t Frankfurt<br \/>\nTheodor-W.-Adorno-Platz 1<br \/>\n60323 Frankfurt am Main<\/p>\n<p>Postanschrift:<br \/>\nGoethe-Universit\u00e4t Frankfurt am Main<br \/>\n60629 Frankfurt<\/p>\n<p>Telefon: +49 (0)69 798-0 | Telefax: +49 (0)69 798-18383<br \/>\nInternet:\u00a0<a class=\"external-link-new-window\" title=\"Opens external link in new window\" href=\"http:\/\/www.uni-frankfurt.de\/\" target=\"_blank\" rel=\"noopener\">www.uni-frankfurt.de<\/a><\/p>\n<p>Die Goethe-Universit\u00e4t Frankfurt am Main ist als Hochschule des Landes Hessen eine rechtsf\u00e4hige Stiftung des \u00f6ffentlichen Rechts (\u00a7 81 HHG).<\/p>\n<p>Gesetzlicher Vertreter: der Pr\u00e4sident der Goethe-Universit\u00e4t, Prof. Dr. Enrico Schleiff<br \/>\nRechtsaufsicht: Hessisches Ministerium f\u00fcr Wissenschaft und Kunst, Rheinstr. 23-25, 65185 Wiesbaden.<br \/>\nGerichtsstand: Frankfurt am Main<\/p>\n<p>Umsatzsteuer-Identifikationsnummer (USt-IdNr.): DE 114 110 511<br \/>\nSteuernummer: 04 522 658 002<\/p>\n<h3>Kontakt<\/h3>\n<p>Frankfurter Labor f\u00fcr Experimentelle Wirtschaftsforschung (FLEX)<br \/>\nProf. Dr. Michael Kosfeld<br \/>\nFachbereich Wirtschaftswissenschaften<br \/>\nGoethe-Universit\u00e4t Frankfurt<br \/>\nTheodor-W.-Adorno-Platz 4<br \/>\nD-60323 Frankfurt am Main<br \/>\nFax: +49 69 798 35021<br \/>\nInternet: https:\/\/flex.uni-frankfurt.de<br \/>\nE-Mail: info[at]flex.uni-frankfurt[dot]de<\/p>\n<p>Anregungen, um welche Inhalte unser Informationsangebot erweitert werden kann, sowie Hinweise auf zu korrigierende Fehler bitten wir an info[at]flex.uni-frankfurt[dot]de zu \u00fcbersenden.<\/p>\n<h3 style=\"padding-top: 0; margin-bottom: 5px;\">Technische Umsetzung<\/h3>\n<p>Patrick Klose<br \/>\nWilliam-Elliot-Platz 2<br \/>\n63571 Gelnhausen<br \/>\nwww.patrickklose.com<\/p>\n<p>Die Programminhalte werden von uns elektronisch erstellt und manuell \u00fcberarbeitet. F\u00fcr eventuelle Abweichungen von Originaltexten \u00fcbernehmen wir keine Haftung. Anregungen, um welche Inhalte unser Informationsangebot erweitert werden kann, sowie Hinweise auf zu korrigierende Fehler bitten wir an\u00a0info[at]flex.uni-frankfurt[dot]de\u00a0zu \u00fcbersenden.<\/p>\n<p>&nbsp;<\/p>\n<h3 style=\"padding-top: 0; margin-bottom: 5px;\">Haftungsausschluss\/Disclaimer<\/h3>\n<p>FLEX ist um Richtigkeit und Aktualit\u00e4t der auf dieser Internetpr\u00e4senz bereitgestellten Informationen bem\u00fcht. Trotzdem k\u00f6nnen Fehler und Unklarheiten nicht vollst\u00e4ndig ausgeschlossen werden. FLEX \u00fcbernimmt deshalb keine Gew\u00e4hr f\u00fcr die Aktualit\u00e4t, Richtigkeit, Vollst\u00e4ndigkeit oder Qualit\u00e4t der auf dieser Webseite bereitgestellten Informationen, als auch nicht f\u00fcr die Webseiten, die \u00fcber einen Link von dieser Webseite aus erreichbar sind. F\u00fcr Sch\u00e4den materieller oder immaterieller Art, die durch die Nutzung oder Nichtnutzung der dargebotenen Informationen bzw. durch die Nutzung fehlerhafter und unvollst\u00e4ndiger Informationen unmittelbar oder mittelbar verursacht werden, haftet FLEX nicht, sofern ihr nicht nachweislich vors\u00e4tzliches oder grob fahrl\u00e4ssiges Verschulden zur Last f\u00e4llt. Gleiches gilt f\u00fcr kostenlos zum Download bereitgehaltene Daten. FLEX beh\u00e4lt es sich vor, Teile des Internetangebots oder das gesamte Angebot ohne gesonderte Ank\u00fcndigung zu ver\u00e4ndern, zu erg\u00e4nzen, zu l\u00f6schen oder die Ver\u00f6ffentlichung zeitweise oder endg\u00fcltig einzustellen.<\/p>\n<h3 style=\"padding-top: 0; margin-bottom: 5px;\">Hinweis zur Problematik von externen Links<\/h3>\n<p>Das Landgericht Hamburg hat mit seinem Urteil vom 12.05.1998 &#8220;Haftung f\u00fcr Links&#8221; (312 O 85\/98) entschieden, dass man durch das Anbringen eines Links die Inhalte der &#8220;gelinkten&#8221; Seite ggf. mit zu verantworten hat, mithin haftbar gemacht werden kann. Dies kann man dadurch verhindern, indem man sich von diesen Inhalten nachdr\u00fccklich distanziert. Vor diesem Hintergrund distanziert sich FLEX hiermit vorsorglich und ausdr\u00fccklich von allen Inhalten s\u00e4mtlicher gelinkter Seiten auf seinen Internetseiten. Dies gilt f\u00fcr s\u00e4mtliche Links und Link-Sammlungen, die zur Zeit bestehen oder in Zukunft bestehen werden.<\/p>\n<p>Eine Verantwortlichkeit f\u00fcr &#8220;fremde Inhalte&#8221;, die beispielsweise durch direkte oder indirekte Verkn\u00fcpfungen (z.B. sogenannte &#8220;Links&#8221;) zu anderen Anbietern bereitgehalten werden, setzt unter anderem positive Kenntnis des rechtswidrigen bzw. strafbaren Inhaltes voraus. FLEX hat bei der erstmaligen Verkn\u00fcpfung zwar den fremden Inhalt daraufhin \u00fcberpr\u00fcft, ob durch ihn eine m\u00f6gliche zivilrechtliche oder strafrechtliche Verantwortlichkeit ausgel\u00f6st wird, aber bei &#8220;Links&#8221; handelt es sich stets um &#8220;lebende&#8221; (dynamische) Verweisungen und FLEX \u00fcberpr\u00fcft die Inhalte, auf die verwiesen wird, nicht st\u00e4ndig auf Ver\u00e4nderungen, die eine Verantwortlichkeit neu begr\u00fcnden k\u00f6nnten.<\/p>\n<p>Dar\u00fcber hinaus hat FLEX keinerlei Einfluss auf &#8220;fremde Inhalte&#8221; und macht sich diese Inhalte auch nicht zu Eigen. F\u00fcr den Inhalt verlinkter Seiten sind ausschlie\u00dflich deren Betreiber verantwortlich. FLEX hat keine positive Kenntnis \u00fcber rechtswidrige oder anst\u00f6\u00dfige Inhalte auf den verkn\u00fcpften Seiten fremder Anbieter. Sollten auf den verkn\u00fcpften Seiten fremder Anbieter dennoch rechtswidrige oder anst\u00f6\u00dfige Inhalte enthalten sein, so distanziert sich FLEX von diesen Inhalten ausdr\u00fccklich. Wenn FLEX feststellt oder von anderen darauf hingewiesen wird, dass ein konkretes Angebot, zu dem sie einen Link bereitgestellt hat, eine zivil- oder strafrechtliche Verantwortlichkeit ausl\u00f6st, wird sie den Verweis auf dieses Angebot aufheben.<\/p>\n","protected":false},"excerpt":{"rendered":"<p>Impressum Angaben nach \u00a75 TMG Diensteanbieter Goethe-Universit\u00e4t Frankfurt Theodor-W.-Adorno-Platz 1 60323 Frankfurt am Main Postanschrift: Goethe-Universit\u00e4t Frankfurt am Main 60629 Frankfurt Telefon: +49 (0)69 798-0 | Telefax: +49 (0)69 798-18383 Internet:\u00a0www.uni-frankfurt.de Die Goethe-Universit\u00e4t Frankfurt am Main ist als Hochschule des Landes Hessen eine rechtsf\u00e4hige Stiftung des \u00f6ffentlichen Rechts (\u00a7 81 HHG). Gesetzlicher Vertreter: der Pr\u00e4sident &hellip; <\/p>\n<p class=\"link-more\"><a href=\"https:\/\/flex.uni-frankfurt.de\/index.php\/impressum\/\" class=\"more-link\">Continue reading<span class=\"screen-reader-text\"> &#8220;Impressum&#8221;<\/span><\/a><\/p>\n","protected":false},"author":1,"featured_media":0,"parent":0,"menu_order":0,"comment_status":"closed","ping_status":"closed","template":"","meta":{"footnotes":""},"class_list":["post-202","page","type-page","status-publish","hentry"],"_links":{"self":[{"href":"https:\/\/flex.uni-frankfurt.de\/index.php\/wp-json\/wp\/v2\/pages\/202","targetHints":{"allow":["GET"]}}],"collection":[{"href":"https:\/\/flex.uni-frankfurt.de\/index.php\/wp-json\/wp\/v2\/pages"}],"about":[{"href":"https:\/\/flex.uni-frankfurt.de\/index.php\/wp-json\/wp\/v2\/types\/page"}],"author":[{"embeddable":true,"href":"https:\/\/flex.uni-frankfurt.de\/index.php\/wp-json\/wp\/v2\/users\/1"}],"replies":[{"embeddable":true,"href":"https:\/\/flex.uni-frankfurt.de\/index.php\/wp-json\/wp\/v2\/comments?post=202"}],"version-history":[{"count":51,"href":"https:\/\/flex.uni-frankfurt.de\/index.php\/wp-json\/wp\/v2\/pages\/202\/revisions"}],"predecessor-version":[{"id":3152,"href":"https:\/\/flex.uni-frankfurt.de\/index.php\/wp-json\/wp\/v2\/pages\/202\/revisions\/3152"}],"wp:attachment":[{"href":"https:\/\/flex.uni-frankfurt.de\/index.php\/wp-json\/wp\/v2\/media?parent=202"}],"curies":[{"name":"wp","href":"https:\/\/api.w.org\/{rel}","templated":true}]}}