{"id":3,"date":"2018-10-20T14:39:16","date_gmt":"2018-10-20T14:39:16","guid":{"rendered":"http:\/\/141.2.195.31\/wordpress\/?page_id=3"},"modified":"2023-01-26T23:50:04","modified_gmt":"2023-01-26T22:50:04","slug":"privacy-policy","status":"publish","type":"page","link":"https:\/\/flex.uni-frankfurt.de\/index.php\/privacy-policy\/","title":{"rendered":"Privacy Policy"},"content":{"rendered":"<h2 style=\"padding-top:40px;\">Datenschutz<\/h2>\n<h3 style=\"padding-top: 0; margin-bottom: 5px;\">Name und Anschrift des Verantwortlichen<\/h3>\n<p>Johann-Wolfgang-Goethe-Universit\u00e4t Frankfurt am Main<br \/>\nVertreten durch den Pr\u00e4sidenten Prof. Dr. Enrico Schleiff<br \/>\nTheodor-W.-Adorno-Platz 1<br \/>\n60323 Frankfurt am Main<\/p>\n<p>Postanschrift:<br \/>\nGoethe-Universit\u00e4t Frankfurt am Main<br \/>\n60629 Frankfurt<\/p>\n<p>Telefon: +49-69-798-0 | Fax: +49-69-798-18383<br \/>\nInternet: www.uni-frankfurt.de<\/p>\n<p>Bei Anfragen oder Beschwerden zum Datenschutz k\u00f6nnen Sie sich mit den Datenschutz\u00adbeauftragten der Goethe-Universit\u00e4t Frankfurt am Main in Verbindung setzen.<\/p>\n<h3 style=\"padding-top: 0; margin-bottom: 5px;\">Kontaktdaten der Datenschutzbeauftragten<\/h3>\n<p>Johann-Wolfgang-Goethe-Universit\u00e4t Frankfurt am Main<br \/>\nDie beh\u00f6rdlichen Datenschutzbeauftragten<br \/>\nTheodor-W.-Adorno-Platz 1<br \/>\n60323 Frankfurt am Main<br \/>\nInternet: https:\/\/www.uni-frankfurt.de\/47859992\/datenschutzbeauftragte<br \/>\nEmail: dsb[at]uni-frankfurt[dot]de<\/p>\n<h3 style=\"padding-top: 0; margin-bottom: 5px;\">Rechte und Beschwerdem\u00f6glichkeiten<\/h3>\n<p>Sie haben das Recht, sich bei datenschutzrechtlichen Problemen bei der zust\u00e4ndigen Fachaufsichtsbeh\u00f6rde zu beschweren.<br \/>\nDer Hessische Datenschutzbeauftragte<br \/>\nPostfach 3163<br \/>\n65021 Wiesbaden<br \/>\nTelefon: +49 611 1408 \u2013 0 | Telefax: +49 611 1408 \u2013 611<\/p>\n<p>Sie haben gegen\u00fcber der FLEX (Goethe-Universit\u00e4t) folgende Rechte hinsichtlich Ihrer gespeicherten personenbezogenen Daten:<br \/>\n\u2022 Recht auf Auskunft,<br \/>\n\u2022 Recht auf Berichtigung oder L\u00f6schung,<br \/>\n\u2022 Recht auf Einschr\u00e4nkung der Verarbeitung,<br \/>\n\u2022 Recht auf Widerruf Ihrer Einwilligung,<br \/>\n\u2022 Recht auf Widerspruch gegen die Verarbeitung,<br \/>\n\u2022 Recht auf Daten\u00fcbertragbarkeit, in einer g\u00e4ngigen, strukturierten und maschinenlesbaren Form (ab dem 25. Mai 2018).<\/p>\n<p>Zur Geltendmachung dieser Rechte senden Sie bitte eine formlose, schriftliche und unterschriebene Aufforderung an die folgende Adresse:<br \/>\nFrankfurter Labor f\u00fcr Experimentelle Wirtschaftsforschung (FLEX)<br \/>\nGoethe-Universit\u00e4t Frankfurt<br \/>\nTheodor-W.-Adorno-Platz 4<br \/>\nD-60323 Frankfurt am Main<\/p>\n<h3 style=\"padding-top: 0; margin-bottom: 5px;\">Logdaten<\/h3>\n<p>Beim Zugriff auf die Seiten dieses Webservers werden im Allgemeinen folgende Daten in den Server-Logfiles gespeichert<br \/>\n\u2022\tIP-Adresse<br \/>\n\u2022\tDatum und Uhrzeit<br \/>\n\u2022\tTyp des Client Browsers<br \/>\n\u2022\tURL der aufgerufenen Seite<br \/>\n\u2022\tGegebenenfalls die Fehlermeldung zum aufgetretenen Fehler<br \/>\n\u2022\tGegebenenfalls der anfragende Provider<br \/>\nDiese Daten dienen ausschlie\u00dflich zum Zweck der Kontrolle der Funktionalit\u00e4t, der Sicherheit und Fehlerbehebung und zum Erkennen eines m\u00f6glichen Missbrauchs. Diese Nutzung basiert auf EU DSGVO Artikel 6 Absatz 1 f). Die rechtliche Grundlage ist insbesondere die IuK-Nutzungsordnung der Goethe-Universit\u00e4t. Alle Logdateien werden automatisiert nach sp\u00e4testens 7 Tagen gel\u00f6scht. Bei berechtigtem Interesse der Goethe-Universit\u00e4t oder auf Grund einer gesetzlichen Vorschrift (z.B. Gesetz, Rechtsverordnung, Satzung der Goethe-Universit\u00e4t, Urheberrecht, etc.) kann es zur Beweissicherung oder bei Rechtsanspr\u00fcchen Dritter sowohl zu einer l\u00e4ngeren Speicherung als auch einer \u00dcbermittlung an Dritte kommen.<\/p>\n<h3 style=\"padding-top: 0; margin-bottom: 5px;\">Kontaktaufnahme<\/h3>\n<p>Bei Kontaktaufnahme mit Mitarbeitern von FLEX (zum Beispiel per Kontaktformular oder E-Mail) werden Ihre Angaben zwecks Bearbeitung der Anfrage sowie f\u00fcr den Fall, dass Anschlussfragen entstehen, gespeichert. Nach Bearbeitung Ihres Anliegens bzw. nach Erf\u00fcllung der Rechtspflicht oder des genutzten Dienstes werden die Daten gel\u00f6scht, es sei denn, die Aufbewahrung der Daten ist zur Umsetzung berechtigter Interessen der Goethe Universit\u00e4t oder auf Grund einer gesetzlichen Vorschrift (z.B. Gesetz, Rechtsverordnung, Satzung der Goethe Universit\u00e4t etc.) erforderlich.<\/p>\n","protected":false},"excerpt":{"rendered":"<p>Datenschutz Name und Anschrift des Verantwortlichen Johann-Wolfgang-Goethe-Universit\u00e4t Frankfurt am Main Vertreten durch den Pr\u00e4sidenten Prof. Dr. Enrico Schleiff Theodor-W.-Adorno-Platz 1 60323 Frankfurt am Main Postanschrift: Goethe-Universit\u00e4t Frankfurt am Main 60629 Frankfurt Telefon: +49-69-798-0 | Fax: +49-69-798-18383 Internet: www.uni-frankfurt.de Bei Anfragen oder Beschwerden zum Datenschutz k\u00f6nnen Sie sich mit den Datenschutz\u00adbeauftragten der Goethe-Universit\u00e4t Frankfurt am Main &hellip; <\/p>\n<p class=\"link-more\"><a href=\"https:\/\/flex.uni-frankfurt.de\/index.php\/privacy-policy\/\" class=\"more-link\">Continue reading<span class=\"screen-reader-text\"> &#8220;Privacy Policy&#8221;<\/span><\/a><\/p>\n","protected":false},"author":1,"featured_media":0,"parent":0,"menu_order":0,"comment_status":"closed","ping_status":"open","template":"","meta":{"footnotes":""},"class_list":["post-3","page","type-page","status-publish","hentry"],"_links":{"self":[{"href":"https:\/\/flex.uni-frankfurt.de\/index.php\/wp-json\/wp\/v2\/pages\/3","targetHints":{"allow":["GET"]}}],"collection":[{"href":"https:\/\/flex.uni-frankfurt.de\/index.php\/wp-json\/wp\/v2\/pages"}],"about":[{"href":"https:\/\/flex.uni-frankfurt.de\/index.php\/wp-json\/wp\/v2\/types\/page"}],"author":[{"embeddable":true,"href":"https:\/\/flex.uni-frankfurt.de\/index.php\/wp-json\/wp\/v2\/users\/1"}],"replies":[{"embeddable":true,"href":"https:\/\/flex.uni-frankfurt.de\/index.php\/wp-json\/wp\/v2\/comments?post=3"}],"version-history":[{"count":21,"href":"https:\/\/flex.uni-frankfurt.de\/index.php\/wp-json\/wp\/v2\/pages\/3\/revisions"}],"predecessor-version":[{"id":3061,"href":"https:\/\/flex.uni-frankfurt.de\/index.php\/wp-json\/wp\/v2\/pages\/3\/revisions\/3061"}],"wp:attachment":[{"href":"https:\/\/flex.uni-frankfurt.de\/index.php\/wp-json\/wp\/v2\/media?parent=3"}],"curies":[{"name":"wp","href":"https:\/\/api.w.org\/{rel}","templated":true}]}}